{"id":12254,"date":"2022-10-19T12:27:30","date_gmt":"2022-10-19T10:27:30","guid":{"rendered":"https:\/\/www.panhuber.at\/?page_id=12254"},"modified":"2022-11-14T12:13:26","modified_gmt":"2022-11-14T11:13:26","slug":"agb","status":"publish","type":"page","link":"https:\/\/www.panhuber.at\/de\/agb\/","title":{"rendered":"AGB"},"content":{"rendered":"<div data-elementor-type=\"wp-page\" data-elementor-id=\"12254\" class=\"elementor elementor-12254\">\n\t\t\t\t\t\t\t\t\t<section class=\"elementor-section elementor-top-section elementor-element elementor-element-d7b22f0 elementor-section-boxed elementor-section-height-default elementor-section-height-default\" data-id=\"d7b22f0\" data-element_type=\"section\">\n\t\t\t\t\t\t<div class=\"elementor-container elementor-column-gap-default\">\n\t\t\t\t\t<div class=\"elementor-column elementor-col-100 elementor-top-column elementor-element elementor-element-a543f1b\" data-id=\"a543f1b\" data-element_type=\"column\">\n\t\t\t<div class=\"elementor-widget-wrap elementor-element-populated\">\n\t\t\t\t\t\t\t\t<div class=\"elementor-element elementor-element-d938bbf elementor-align-center elementor-widget elementor-widget-bdt-advanced-button\" data-id=\"d938bbf\" data-element_type=\"widget\" data-widget_type=\"bdt-advanced-button.default\">\n\t\t\t\t<div class=\"elementor-widget-container\">\n\t\t\t\t\t<div class=\"bdt-ep-button-wrapper\">\n\t\t\t<a href=\"https:\/\/www.panhuber.at\/wp-content\/uploads\/2022\/10\/AGB-2022.pdf\" class=\"bdt-ep-button bdt-ep-button-effect-a bdt-ep-button-size-md\">\n\t\t\t\t\t\t<div class=\"bdt-ep-button-content-wrapper\" data-text=\"AGB herunterladen\">\n\t\t\t\t\t\t<div class=\"bdt-ep-button-text\">\n\n                <span class=\"avdbtn-text\">AGB herunterladen<\/span>\n\n\t\t\t\t            <\/div>\n\n\t\t<\/div>\n\t\t\t\t\t<\/a>\n\t\t<\/div>\n\t\t\t\t<\/div>\n\t\t\t\t<\/div>\n\t\t\t\t<div class=\"elementor-element elementor-element-46c2009 elementor-widget elementor-widget-text-editor\" data-id=\"46c2009\" data-element_type=\"widget\" data-widget_type=\"text-editor.default\">\n\t\t\t\t<div class=\"elementor-widget-container\">\n\t\t\t<style>\/*! elementor - v3.9.2 - 21-12-2022 *\/\n.elementor-widget-text-editor.elementor-drop-cap-view-stacked .elementor-drop-cap{background-color:#818a91;color:#fff}.elementor-widget-text-editor.elementor-drop-cap-view-framed .elementor-drop-cap{color:#818a91;border:3px solid;background-color:transparent}.elementor-widget-text-editor:not(.elementor-drop-cap-view-default) .elementor-drop-cap{margin-top:8px}.elementor-widget-text-editor:not(.elementor-drop-cap-view-default) .elementor-drop-cap-letter{width:1em;height:1em}.elementor-widget-text-editor .elementor-drop-cap{float:left;text-align:center;line-height:1;font-size:50px}.elementor-widget-text-editor .elementor-drop-cap-letter{display:inline-block}<\/style>\t\t\t\t<h1>Allgemeine Gesch\u00e4ftsbedingungen der Ing. Wolfgang Panhuber GesmbH.<\/h1>\n\n \n\n<h2 class=\"verkaufs\">Verkaufs- und Lieferbedingungen:<\/h2>\n\n\n<h2>1) Geltung der Gesch\u00e4ftsbedingungen<\/h2>\nF\u00fcr unsere Lieferungen und sonstigen Leistungen gelten ausschlie\u00dflich die nachstehenden allgemeinen Verkaufsbedingungen.  Allf\u00e4lligen Einkaufsbedingungen des K\u00e4ufers\/Bestellers wird hiermit ausdr\u00fccklich widersprochen.\nDer K\u00e4ufer\/Besteller nimmt zur Kenntnis, dass Vertr\u00e4ge ausschlie\u00dflich aufgrund dieser Verkaufsbedingungen abgeschlossen werden.\nDiese Verkaufsbedingungen f\u00fcr Lieferungen und sonstige Leistungen gelten auch f\u00fcr sp\u00e4tere Auftr\u00e4ge, auch wenn eine ausdr\u00fcckliche Bezugnahme auf diese Bedingungen nicht mehr erfolgt.\nAbweichende Gesch\u00e4ftsbedingungen des K\u00e4ufers\/Bestellers k\u00f6nnen nur dann Vertragsinhalt werden, wenn sie von uns ausdr\u00fccklich schriftlich anerkannt werden. <br>\n\n\n<h2>2) Angebote<\/h2>\n\n<strong>Unsere Angebote sind unverbindlich und freibleibend. <\/strong>\nLiefervertr\u00e4ge werden f\u00fcr uns erst rechtswirksam, wenn wir eine schriftliche Auftragsbest\u00e4tigung ausfertigen, die Ware ausliefern oder die Faktura \u00fcbersenden. <br>\nDie Berichtigung von Irrt\u00fcmer, Druck- und Rechenfehler bleiben vorbehalten. Auftragsbest\u00e4tigungen und deren Beilagen gelten als vom K\u00e4ufer\/Besteller vollinhaltlich angenommen, wenn uns der K\u00e4ufer\/Besteller seine Einspr\u00fcche nicht innerhalb von 2 Tagen nach Ausstellungsdatum schriftlich zusendet. \n<ul>\n<li>Bei Zeichnungs\u00e4nderungen nach Bestelleingang werden wir uns eine Preis\u00e4nderung vorbehalten<\/li>\n<li>Preise gelten nur einmalig bei ungeteilter Bestellung der gesamten angebotenen Menge und Positionen. Sp\u00e4tere Folgebestellungen werden von uns auf ihre Wirtschaftlichkeit bez\u00fcglich Materialpreise und Fertigungskosten neu berechnet. <\/li>\n<li>Bei Arbeits- oder Materialkostenerh\u00f6hungen sind wir berechtigt, eine entsprechende Erh\u00f6hung des vereinbarten Entgelts vorzunehmen, wenn zwischen Vertragsabschluss und Materiallieferung aus Gr\u00fcnden, die Panhuber nicht zu vertreten hat, mehr als vier Monate liegen. Wenn zwischen Abschluss des Vertrages und Materiallieferung aus Gr\u00fcnden, die Panhuber nicht zuzurechnen sind, mehr als ein Jahr liegt, so wird ein automatischer Aufschlag von 3 % in Rechnung gestellt. Dar\u00fcber hinaus k\u00f6nnen weitere Erh\u00f6hungen geltend gemacht werden. <\/li><\/ul>\n\n\n<h2>3) Preise, Lieferung, Verpackung<\/h2>\n\nDie Preise verstehen sich, soweit nicht anderes ausdr\u00fccklich vereinbart, exklusive Mehrwertsteuer, unversichert, ab Werk. S\u00e4mtliche Verpackungs- und Transportkosten gehen zu Lasten des K\u00e4ufers\/Bestellers. Lademittel werden im Tauschverfahren gehandelt und werden bei nicht erfolgtem Tausch in Rechnung gestellt. Bei Auftr\u00e4gen unter 100 Euro Nettowarenwert behalten wir uns vor, diesen Betrag als Mindestauftragswert bzw. einen darunter liegenden Kleinfakturenzuschlag in Rechnung zu stellen. <br>\n<br>\n<strong>Zahlungsbedingungen<\/strong><br>\nDie Zahlung hat, sofern nicht anders vereinbart wurde, innerhalb 14 Tagen unter Abzug von 2 % Skonto bzw. innerhalb 30 Tagen nach Erhalt der Rechnung ohne Abzug zu erfolgen. Die Zur\u00fcckhaltung von Zahlungen wegen M\u00e4ngel ist nur dann und in der H\u00f6he jener Kosten zul\u00e4ssig, die zur Behebung der objektiv festgestellten M\u00e4ngel erforderlich sind. Bei \u00dcberschreitung der Zahlungsfrist kommen, ohne dass es einer besonderen Inverzugsetzung bedarf, vom F\u00e4lligkeitstag ab Zahlungserinnerung entstehende Kosten in Anrechnung. <br><br>\n\nS\u00e4mtliche Zahlungen sind \u00fcber die auf den Rechnungen angef\u00fchrten Bankkonten zu leisten. Aufrechnung von Forderungen und Gegenforderungen nur dann, wenn die Gegenforderung schriftlich anerkannt oder gerichtlich festgestellt wurde. <br><br>\n\nTritt in den Verm\u00f6gensverh\u00e4ltnissen des K\u00e4ufers nach Vertragsabschluss bei Anlegung bank\u00fcblicher Ma\u00dfst\u00e4be eine wesentliche Verschlechterung ein oder ist der K\u00e4ufer seinen Zahlungsverpflichtungen aus fr\u00fcheren Vertr\u00e4gen nicht fristgerecht nachgekommen, kann bare Zahlung Zug um Zug verlangt werden. Nach Wahl des Verk\u00e4ufers kann Schadenersatz wegen Nichterf\u00fcllung oder R\u00fccktritt vom Vertrag festgelegt werden. <br><br>\n\n\n<strong>Mahn- und Inkassospesen<\/strong><br>\nDer Vertragspartner (Kunde) verpflichtet sich f\u00fcr den Fall des Verzugs, die dem Gl\u00e4ubiger entstehenden Mahn- und Inkassospesen, soweit sie zum Zweck entsprechenden Rechtsverfolgung notwendig sind, zu ersetzen, wobei er sich im Speziellen verpflichtet, maximal die Verg\u00fctungen des eingeschalteten Inkassoinstituts zu ersetzen, die sich aus der VO des BMwA \u00fcber die H\u00f6chsts\u00e4tze der Inkassoinstituten geb\u00fchrenden Verg\u00fctungen ergeben. Sofern der Gl\u00e4ubiger das Mahnwesen selbst betreibt, verpflichtet sich der Schuldner, bei erfolgter erster Mahnung mit Zahlungsfrist 8 Tage einen Betrag von \u20ac 20,-, bei zweiter Mahnung mit Zahlungsfrist 8 Tage einen Betrag von \u20ac 30,-, bei dritter Mahnung mit Zahlungsfrist 8 Tage einen Betrag von \u20ac 40,- sowie f\u00fcr die au\u00dfergerichtliche Mahnung mit Zahlungsfrist <br>\n8 Tage einen Betrag von \u20ac 50,- zu bezahlen. \n\n\n\n<h2>4)  Liefertermin, Liefermenge<\/h2>\n\nUnsere Liefertermine gelten als ann\u00e4hernd und unverbindlich. Mehr- oder Minderlieferungen sowie sonstige im Rahmen der handels\u00fcblichen Normen liegende Abweichungen an Qualit\u00e4t, Gewicht und Ma\u00dfen gelten als vom K\u00e4ufer genehmigt, sofern nicht ausdr\u00fccklich anders vereinbart. Teillieferungen sind m\u00f6glich. Die Haftung f\u00fcr Lieferverzug wird auf Vorsatz und grobe Fahrl\u00e4ssigkeit beschr\u00e4nkt. F\u00fcr Versp\u00e4tungen von Lieferanten wird keine Haftung \u00fcbernommen. <br><br>\n\nLieferverhinderungen: \nBetriebsst\u00f6rungen aller Art, Ereignisse h\u00f6herer Gewalt, \nArbeitsausst\u00e4nde, Aussperrungen usw. bei uns oder unseren \nZulieferanten, ebenso alle sonstigen Ursachen oder \nEreignisse, die Zufuhr, Erzeugung oder Versand verhindern, entbinden uns w\u00e4hrend ihrer ganzen Dauer und auch hinsichtlich der Folgeerscheinungen von \nder Einhaltung eingegangener Lieferverpflichtungen\nund berechtigen uns, wenn die n\u00e4heren Umst\u00e4nde es erfordern, die Lieferungsverpflichtung ganz oder teilweise aufzuheben, ohne dass  der Kunde in diesen F\u00e4llen berechtigt ist, vom Vertrag zur\u00fcck zu treten. <br>\n\n\n\n\n\n\n\n\n\n\n\n\n\n<h2>5) Technische Bedingungen<\/h2>\n\nWenn auf Zeichnungen keine Toleranzangaben ersichtlich sind, gelten die  Allgemeintoleranzen des Fachverbandes der Maschinen- und Stahlbauindustrie.\n<ul>\n<li>Laserzuschnitte gem\u00e4\u00df DIN EN ISO 9013<\/li>\n<li>Kantarbeiten gem.  Allgemeintoleranzen DIN ISO 2768-m<\/li>\n<li>Schwei\u00dfarbeiten gem\u00e4\u00df  Allgemeintoleranzen Schwei\u00dfkonstruktionen EN ISO 13920<\/li><\/ul>\n\t\nAbnahmepr\u00fcfzeugnisse EN 10204:2004 werden nur nach ausdr\u00fccklichem Vermerk auf der Bestellung beigelegt.\n<ul>\n<li>Ausdr\u00fccklich weisen wir darauf hin, dass wir keine statischen Berechnungen durchf\u00fchren oder an Unterlieferanten vergeben. <\/li><\/ul>\n\n\n<h2>6) Beistellung von Material oder Dateien<\/h2>\n\nBeigestelltes Material muss frei von Rost, Farbe und starker Verzunderung  sein und unseren  verarbeitbaren Werkstoffen entsprechen. Wenn die Ware nicht diesen Anforderungen entspricht, wird der K\u00e4ufer\/Besteller umgehend  informiert und die weitere Vorgehensweise gekl\u00e4rt. <br>\nDie Lagerung von Restmaterial \u00fcber die Auslieferung der fertigen Produkte hinaus, muss gesondert vereinbart werden, da ansonsten Einlagerungsgeb\u00fchren zur Verrechnung gebracht werden. <br><br>\n\nAls Dateien k\u00f6nnen au\u00dfer den \u00fcblichen Formaten auch DWG und DXF akzeptiert werden. Beigestellte DXF\/DWG f\u00fcr die Laserzuschnittbearbeitung m\u00fcssen geschlossen und gegl\u00e4ttet sein. Weiters k\u00f6nnen nur Dateien in zweidimensionalen Formaten verarbeitet werden. Der K\u00e4ufer\/Besteller haftet f\u00fcr die Richtigkeit der Zeichnung. Bei fehlender Ma\u00dfstabangabe setzt der Auftragnehmer einen Ma\u00dfstab von 1:1 voraus.\nMa\u00dfkontrolle kann nur bei Angaben von Ma\u00dfen erfolgen.\n\n\n\n<h2>7) Eigentumsvorbehalt<\/h2>\nS\u00e4mtliche von der Firma Ing. Wolfgang Panhuber  GesmbH. gefertigten Waren und Materialien bleiben bis zur vollst\u00e4ndigen Bezahlung im Eigentum der Fa. Ing. Panhuber GesmbH. Dieser Eigentumsvorbehalt bleibt auch f\u00fcr den Fall der Einleitung jedweder gerichtlicher Schritte gegen\u00fcber dem Auftragnehmer aufrecht, insbesondere f\u00fcr den Fall der gerichtlichen Pf\u00e4ndung, der Einleitung eines Konkurs-, Ausgleichs- oder sonstigen Insolvenzverfahren \u00fcber das Verm\u00f6gen des Auftragnehmers. Der Auftragnehmer anerkennt sohin ausdr\u00fccklich und unwiderruflich das uneingeschr\u00e4nkte Eigentum an s\u00e4mtlichen vom Auftraggeber \ngelieferten Materialien und verpflichtet sich, dies auch jederzeit gegen\u00fcber jeglichen nat\u00fcrlichen oder juristischen Personen bzw. Gerichten oder Beh\u00f6rden immer zu best\u00e4tigen und die daf\u00fcr n\u00f6tigen Erkl\u00e4rungen abzugeben oder Unterschriften zu leisten. <br>\n\n<h2>8) Haftung und M\u00e4ngel<\/h2>\n\nIng. Panhuber GesmbH. \u00fcbernimmt keine Haftung f\u00fcr die Verwendbarkeit der gefertigten Waren zu einem bestimmten Verwendungszweck. Der Kunde ist verpflichtet, unverz\u00fcglich nach Erhalt die gefertigte Ware zu \u00fcberpr\u00fcfen. Die Ing. Panhuber GesmbH. \u00fcbernimmt keine Haftung f\u00fcr jene Kosten oder Sch\u00e4den, welche durch Weiterverarbeitung mangelhafter Ware entstehen. Der Kunde hat dem Lieferanten Gelegenheit zur Untersuchung des Schadensfalles zu geben. Ing. Panhuber GesmbH. ist berechtigt, bei gerechtfertigter Beanstandung die gefertigte Ware auszutauschen, erforderliche Verbesserungen durchzuf\u00fchren, Preisminderungen zu gew\u00e4hren oder Kaufpreis zur\u00fcckzuerstatten.. \u00dcber die zu ergreifenden Ma\u00dfnahmen, insbesondere bei Vergleichsverhandlungen, werden sich die Vertragspartner abstimmen. <br>\n\n\n<h2>9) Befreiung von Erf\u00fcllung<\/h2>\n\nSollten zu liefernde Waren nicht lieferbar oder zum vereinbarten Preis nicht beschaffbar sein, steht der Fa. Ing. Panhuber GesmbH. das Recht auf R\u00fccktritt zu, ohne dass der Kunde hieraus irgendwelche Anspr\u00fcche auf Schadenersatz geltend machen kann. <br>\n\n<h2>10) Gerichtsstand<\/h2>\n\nF\u00fcr alle Streitigkeiten sowie f\u00fcr die gerichtliche Geltendmachung aller Anspr\u00fcche aus diesem Vertrag unterwerfen sich die Vertragsteile dem sachlich zust\u00e4ndigen Gericht in Wels, das hiermit als Gerichtsstand vereinbart wird.\nDes weiteren wird vereinbart, dass ausschlie\u00dflich \u00f6sterreichisches Recht anzuwenden ist. \t\t\t\t\t\t<\/div>\n\t\t\t\t<\/div>\n\t\t\t\t\t<\/div>\n\t\t<\/div>\n\t\t\t\t\t\t\t<\/div>\n\t\t<\/section>\n\t\t\t\t<section class=\"elementor-section elementor-top-section elementor-element elementor-element-4b82c4e elementor-section-boxed elementor-section-height-default elementor-section-height-default\" data-id=\"4b82c4e\" data-element_type=\"section\">\n\t\t\t\t\t\t<div class=\"elementor-container elementor-column-gap-default\">\n\t\t\t\t\t<div class=\"elementor-column elementor-col-100 elementor-top-column elementor-element elementor-element-568051e\" data-id=\"568051e\" data-element_type=\"column\">\n\t\t\t<div class=\"elementor-widget-wrap elementor-element-populated\">\n\t\t\t\t\t\t\t\t<div class=\"elementor-element elementor-element-c834530 elementor-widget elementor-widget-spacer\" data-id=\"c834530\" data-element_type=\"widget\" data-widget_type=\"spacer.default\">\n\t\t\t\t<div class=\"elementor-widget-container\">\n\t\t\t<style>\/*! elementor - v3.9.2 - 21-12-2022 *\/\n.elementor-column .elementor-spacer-inner{height:var(--spacer-size)}.e-con{--container-widget-width:100%}.e-con-inner>.elementor-widget-spacer,.e-con>.elementor-widget-spacer{width:var(--container-widget-width,var(--spacer-size));--align-self:var(--container-widget-align-self,initial);--flex-shrink:0}.e-con-inner>.elementor-widget-spacer>.elementor-widget-container,.e-con-inner>.elementor-widget-spacer>.elementor-widget-container>.elementor-spacer,.e-con>.elementor-widget-spacer>.elementor-widget-container,.e-con>.elementor-widget-spacer>.elementor-widget-container>.elementor-spacer{height:100%}.e-con-inner>.elementor-widget-spacer>.elementor-widget-container>.elementor-spacer>.elementor-spacer-inner,.e-con>.elementor-widget-spacer>.elementor-widget-container>.elementor-spacer>.elementor-spacer-inner{height:var(--container-widget-height,var(--spacer-size))}<\/style>\t\t<div class=\"elementor-spacer\">\n\t\t\t<div class=\"elementor-spacer-inner\"><\/div>\n\t\t<\/div>\n\t\t\t\t<\/div>\n\t\t\t\t<\/div>\n\t\t\t\t\t<\/div>\n\t\t<\/div>\n\t\t\t\t\t\t\t<\/div>\n\t\t<\/section>\n\t\t\t\t\t\t\t<\/div>","protected":false},"excerpt":{"rendered":"<p>AGB herunterladen Allgemeine Gesch\u00e4ftsbedingungen der Ing. Wolfgang Panhuber GesmbH. Verkaufs- und Lieferbedingungen: 1) Geltung der Gesch\u00e4ftsbedingungen F\u00fcr unsere Lieferungen und sonstigen Leistungen gelten ausschlie\u00dflich die nachstehenden allgemeinen Verkaufsbedingungen. Allf\u00e4lligen Einkaufsbedingungen des K\u00e4ufers\/Bestellers wird hiermit ausdr\u00fccklich widersprochen. Der K\u00e4ufer\/Besteller nimmt zur Kenntnis, dass Vertr\u00e4ge ausschlie\u00dflich aufgrund dieser Verkaufsbedingungen abgeschlossen werden. Diese Verkaufsbedingungen f\u00fcr Lieferungen und sonstige&#8230;<\/p>","protected":false},"author":1,"featured_media":0,"parent":0,"menu_order":0,"comment_status":"closed","ping_status":"closed","template":"","meta":{"footnotes":""},"class_list":["post-12254","page","type-page","status-publish","hentry"],"_links":{"self":[{"href":"https:\/\/www.panhuber.at\/de\/wp-json\/wp\/v2\/pages\/12254","targetHints":{"allow":["GET"]}}],"collection":[{"href":"https:\/\/www.panhuber.at\/de\/wp-json\/wp\/v2\/pages"}],"about":[{"href":"https:\/\/www.panhuber.at\/de\/wp-json\/wp\/v2\/types\/page"}],"author":[{"embeddable":true,"href":"https:\/\/www.panhuber.at\/de\/wp-json\/wp\/v2\/users\/1"}],"replies":[{"embeddable":true,"href":"https:\/\/www.panhuber.at\/de\/wp-json\/wp\/v2\/comments?post=12254"}],"version-history":[{"count":30,"href":"https:\/\/www.panhuber.at\/de\/wp-json\/wp\/v2\/pages\/12254\/revisions"}],"predecessor-version":[{"id":12337,"href":"https:\/\/www.panhuber.at\/de\/wp-json\/wp\/v2\/pages\/12254\/revisions\/12337"}],"wp:attachment":[{"href":"https:\/\/www.panhuber.at\/de\/wp-json\/wp\/v2\/media?parent=12254"}],"curies":[{"name":"wp","href":"https:\/\/api.w.org\/{rel}","templated":true}]}}