{"id":11621,"date":"2022-07-10T14:39:56","date_gmt":"2022-07-10T12:39:56","guid":{"rendered":"https:\/\/www.panhuber.at\/?page_id=11621"},"modified":"2024-11-11T17:56:36","modified_gmt":"2024-11-11T16:56:36","slug":"datenschutz","status":"publish","type":"page","link":"https:\/\/www.panhuber.at\/de\/datenschutz\/","title":{"rendered":"Datenschutz"},"content":{"rendered":"<div data-elementor-type=\"wp-page\" data-elementor-id=\"11621\" class=\"elementor elementor-11621\">\n\t\t\t\t\t\t\t\t\t<section class=\"elementor-section elementor-top-section elementor-element elementor-element-e90ae21 elementor-section-boxed elementor-section-height-default elementor-section-height-default\" data-id=\"e90ae21\" data-element_type=\"section\">\n\t\t\t\t\t\t<div class=\"elementor-container elementor-column-gap-default\">\n\t\t\t\t\t<div class=\"elementor-column elementor-col-100 elementor-top-column elementor-element elementor-element-ab6c84f\" data-id=\"ab6c84f\" data-element_type=\"column\">\n\t\t\t<div class=\"elementor-widget-wrap elementor-element-populated\">\n\t\t\t\t\t\t\t\t<div class=\"elementor-element elementor-element-df459c2 elementor-widget elementor-widget-text-editor\" data-id=\"df459c2\" data-element_type=\"widget\" data-widget_type=\"text-editor.default\">\n\t\t\t\t<div class=\"elementor-widget-container\">\n\t\t\t<style>\/*! elementor - v3.9.2 - 21-12-2022 *\/\n.elementor-widget-text-editor.elementor-drop-cap-view-stacked .elementor-drop-cap{background-color:#818a91;color:#fff}.elementor-widget-text-editor.elementor-drop-cap-view-framed .elementor-drop-cap{color:#818a91;border:3px solid;background-color:transparent}.elementor-widget-text-editor:not(.elementor-drop-cap-view-default) .elementor-drop-cap{margin-top:8px}.elementor-widget-text-editor:not(.elementor-drop-cap-view-default) .elementor-drop-cap-letter{width:1em;height:1em}.elementor-widget-text-editor .elementor-drop-cap{float:left;text-align:center;line-height:1;font-size:50px}.elementor-widget-text-editor .elementor-drop-cap-letter{display:inline-block}<\/style>\t\t\t\t<h1>Datenschutzerkl\u00e4rung<\/h1><p>Diese Seite wird demn\u00e4chst \u00fcberarbeitet wieder online gehen. Wir bitte um Verst\u00e4ndnis.<\/p><p>\u00a0&#8211; Status: In Bearbeitung seit 29.10.2024<\/p>\t\t\t\t\t\t<\/div>\n\t\t\t\t<\/div>\n\t\t\t\t\t<\/div>\n\t\t<\/div>\n\t\t\t\t\t\t\t<\/div>\n\t\t<\/section>\n\t\t\t\t\t\t\t<\/div>","protected":false},"excerpt":{"rendered":"<p>Datenschutzerkl\u00e4rung Diese Seite wird demn\u00e4chst \u00fcberarbeitet wieder online gehen. Wir bitte um Verst\u00e4ndnis. \u00a0&#8211; Status: In Bearbeitung seit 29.10.2024<\/p>","protected":false},"author":1,"featured_media":0,"parent":0,"menu_order":0,"comment_status":"closed","ping_status":"closed","template":"","meta":{"footnotes":""},"class_list":["post-11621","page","type-page","status-publish","hentry"],"_links":{"self":[{"href":"https:\/\/www.panhuber.at\/de\/wp-json\/wp\/v2\/pages\/11621","targetHints":{"allow":["GET"]}}],"collection":[{"href":"https:\/\/www.panhuber.at\/de\/wp-json\/wp\/v2\/pages"}],"about":[{"href":"https:\/\/www.panhuber.at\/de\/wp-json\/wp\/v2\/types\/page"}],"author":[{"embeddable":true,"href":"https:\/\/www.panhuber.at\/de\/wp-json\/wp\/v2\/users\/1"}],"replies":[{"embeddable":true,"href":"https:\/\/www.panhuber.at\/de\/wp-json\/wp\/v2\/comments?post=11621"}],"version-history":[{"count":25,"href":"https:\/\/www.panhuber.at\/de\/wp-json\/wp\/v2\/pages\/11621\/revisions"}],"predecessor-version":[{"id":12530,"href":"https:\/\/www.panhuber.at\/de\/wp-json\/wp\/v2\/pages\/11621\/revisions\/12530"}],"wp:attachment":[{"href":"https:\/\/www.panhuber.at\/de\/wp-json\/wp\/v2\/media?parent=11621"}],"curies":[{"name":"wp","href":"https:\/\/api.w.org\/{rel}","templated":true}]}}