{"id":10513,"date":"2022-04-14T15:54:57","date_gmt":"2022-04-14T13:54:57","guid":{"rendered":"https:\/\/www.panhuber.at\/?page_id=10513"},"modified":"2022-10-05T16:15:49","modified_gmt":"2022-10-05T14:15:49","slug":"ueber-uns","status":"publish","type":"page","link":"https:\/\/www.panhuber.at\/de\/ueber-uns\/","title":{"rendered":"\u00dcber uns"},"content":{"rendered":"<div data-elementor-type=\"wp-page\" data-elementor-id=\"10513\" class=\"elementor elementor-10513\">\n\t\t\t\t\t\t\t\t\t<section class=\"elementor-section elementor-top-section elementor-element elementor-element-33dd3b3 elementor-section-boxed elementor-section-height-default elementor-section-height-default\" data-id=\"33dd3b3\" data-element_type=\"section\" data-settings=\"{&quot;background_background&quot;:&quot;classic&quot;}\">\n\t\t\t\t\t\t\t<div class=\"elementor-background-overlay\"><\/div>\n\t\t\t\t\t\t\t<div class=\"elementor-container elementor-column-gap-default\">\n\t\t\t\t\t<div class=\"elementor-column elementor-col-100 elementor-top-column elementor-element elementor-element-6f119c0\" data-id=\"6f119c0\" data-element_type=\"column\">\n\t\t\t<div class=\"elementor-widget-wrap elementor-element-populated\">\n\t\t\t\t\t\t\t\t<div class=\"elementor-element elementor-element-9ecaf2b elementor-widget elementor-widget-spacer\" data-id=\"9ecaf2b\" data-element_type=\"widget\" data-widget_type=\"spacer.default\">\n\t\t\t\t<div class=\"elementor-widget-container\">\n\t\t\t<style>\/*! elementor - v3.9.2 - 21-12-2022 *\/\n.elementor-column .elementor-spacer-inner{height:var(--spacer-size)}.e-con{--container-widget-width:100%}.e-con-inner>.elementor-widget-spacer,.e-con>.elementor-widget-spacer{width:var(--container-widget-width,var(--spacer-size));--align-self:var(--container-widget-align-self,initial);--flex-shrink:0}.e-con-inner>.elementor-widget-spacer>.elementor-widget-container,.e-con-inner>.elementor-widget-spacer>.elementor-widget-container>.elementor-spacer,.e-con>.elementor-widget-spacer>.elementor-widget-container,.e-con>.elementor-widget-spacer>.elementor-widget-container>.elementor-spacer{height:100%}.e-con-inner>.elementor-widget-spacer>.elementor-widget-container>.elementor-spacer>.elementor-spacer-inner,.e-con>.elementor-widget-spacer>.elementor-widget-container>.elementor-spacer>.elementor-spacer-inner{height:var(--container-widget-height,var(--spacer-size))}<\/style>\t\t<div class=\"elementor-spacer\">\n\t\t\t<div class=\"elementor-spacer-inner\"><\/div>\n\t\t<\/div>\n\t\t\t\t<\/div>\n\t\t\t\t<\/div>\n\t\t\t\t<div class=\"elementor-element elementor-element-abf524e titleFirstScreen elementor-hidden-mobile elementor-widget elementor-widget-bdt-advanced-heading\" data-id=\"abf524e\" data-element_type=\"widget\" data-widget_type=\"bdt-advanced-heading.default\">\n\t\t\t\t<div class=\"elementor-widget-container\">\n\t\t\t<div id =\"abf524e\" class=\"bdt-advanced-heading\"><h1 class=\"bdt-heading-title\"><span class=\"bdt-main-heading\"><span class=\"bdt-main-heading-inner\"> \u00dcber uns<\/span><span class=\"bdt-mainh-split-text\">von Maschinenschlosserei zum Blechverarbeitungsbetrieb<\/span><\/span><\/h1><\/div>\t\t<\/div>\n\t\t\t\t<\/div>\n\t\t\t\t<div class=\"elementor-element elementor-element-738c9c0 titleFirstScreen elementor-hidden-desktop elementor-hidden-tablet elementor-widget elementor-widget-bdt-advanced-heading\" data-id=\"738c9c0\" data-element_type=\"widget\" data-widget_type=\"bdt-advanced-heading.default\">\n\t\t\t\t<div class=\"elementor-widget-container\">\n\t\t\t<div id =\"738c9c0\" class=\"bdt-advanced-heading\"><h1 class=\"bdt-heading-title\"><span class=\"bdt-main-heading\"><span class=\"bdt-main-heading-inner\"> \u00dcber uns<\/span><span class=\"bdt-mainh-split-text\">von Maschinenschlosserei zum Blechverarbeitungsbetrieb<\/span><\/span><\/h1><\/div>\t\t<\/div>\n\t\t\t\t<\/div>\n\t\t\t\t<div class=\"elementor-element elementor-element-eb03531 elementor-widget elementor-widget-spacer\" data-id=\"eb03531\" data-element_type=\"widget\" data-widget_type=\"spacer.default\">\n\t\t\t\t<div class=\"elementor-widget-container\">\n\t\t\t\t\t<div class=\"elementor-spacer\">\n\t\t\t<div class=\"elementor-spacer-inner\"><\/div>\n\t\t<\/div>\n\t\t\t\t<\/div>\n\t\t\t\t<\/div>\n\t\t\t\t\t<\/div>\n\t\t<\/div>\n\t\t\t\t\t\t\t<\/div>\n\t\t<\/section>\n\t\t\t\t<section class=\"elementor-section elementor-top-section elementor-element elementor-element-08911a7 elementor-section-boxed elementor-section-height-default elementor-section-height-default\" data-id=\"08911a7\" data-element_type=\"section\">\n\t\t\t\t\t\t<div class=\"elementor-container elementor-column-gap-default\">\n\t\t\t\t\t<div class=\"elementor-column elementor-col-100 elementor-top-column elementor-element elementor-element-4f0ecd4\" data-id=\"4f0ecd4\" data-element_type=\"column\">\n\t\t\t<div class=\"elementor-widget-wrap elementor-element-populated\">\n\t\t\t\t\t\t\t\t<div class=\"elementor-element elementor-element-8cc096d elementor-widget elementor-widget-spacer\" data-id=\"8cc096d\" data-element_type=\"widget\" data-widget_type=\"spacer.default\">\n\t\t\t\t<div class=\"elementor-widget-container\">\n\t\t\t\t\t<div class=\"elementor-spacer\">\n\t\t\t<div class=\"elementor-spacer-inner\"><\/div>\n\t\t<\/div>\n\t\t\t\t<\/div>\n\t\t\t\t<\/div>\n\t\t\t\t\t<\/div>\n\t\t<\/div>\n\t\t\t\t\t\t\t<\/div>\n\t\t<\/section>\n\t\t\t\t<section class=\"elementor-section elementor-top-section elementor-element elementor-element-61fd66d elementor-section-boxed elementor-section-height-default elementor-section-height-default\" data-id=\"61fd66d\" data-element_type=\"section\">\n\t\t\t\t\t\t<div class=\"elementor-container elementor-column-gap-default\">\n\t\t\t\t\t<div class=\"elementor-column elementor-col-50 elementor-top-column elementor-element elementor-element-2008936\" data-id=\"2008936\" data-element_type=\"column\">\n\t\t\t<div class=\"elementor-widget-wrap elementor-element-populated\">\n\t\t\t\t\t\t\t\t<div class=\"elementor-element elementor-element-d918568 elementor-widget elementor-widget-bdt-advanced-heading\" data-id=\"d918568\" data-element_type=\"widget\" data-widget_type=\"bdt-advanced-heading.default\">\n\t\t\t\t<div class=\"elementor-widget-container\">\n\t\t\t<div id =\"d918568\" class=\"bdt-advanced-heading\"><h3 class=\"bdt-heading-title\"><span class=\"bdt-main-heading\"><span class=\"bdt-main-heading-inner\">Unsere Geschichte<\/span><\/span><\/h3><\/div>\t\t<\/div>\n\t\t\t\t<\/div>\n\t\t\t\t<div class=\"elementor-element elementor-element-cbabb01 elementor-widget elementor-widget-text-editor\" data-id=\"cbabb01\" data-element_type=\"widget\" data-widget_type=\"text-editor.default\">\n\t\t\t\t<div class=\"elementor-widget-container\">\n\t\t\t<style>\/*! elementor - v3.9.2 - 21-12-2022 *\/\n.elementor-widget-text-editor.elementor-drop-cap-view-stacked .elementor-drop-cap{background-color:#818a91;color:#fff}.elementor-widget-text-editor.elementor-drop-cap-view-framed .elementor-drop-cap{color:#818a91;border:3px solid;background-color:transparent}.elementor-widget-text-editor:not(.elementor-drop-cap-view-default) .elementor-drop-cap{margin-top:8px}.elementor-widget-text-editor:not(.elementor-drop-cap-view-default) .elementor-drop-cap-letter{width:1em;height:1em}.elementor-widget-text-editor .elementor-drop-cap{float:left;text-align:center;line-height:1;font-size:50px}.elementor-widget-text-editor .elementor-drop-cap-letter{display:inline-block}<\/style>\t\t\t\t<div class=\"csc-textpic-text\"><p class=\"align-justify\"><b>Die Panhuber Ges. m. b. H. wurde am 1. 1. 1983\u00a0 durch Ing. Wolfgang Panhuber und seiner Frau Josefa als Fachbetrieb f\u00fcr Maschinenschlosserei gegr\u00fcndet. Seitdem agiert das Unternehmen als moderner Familienbetrieb. <br \/><\/b><\/p><p class=\"align-justify\">Als einer der ersten Blechverarbeitungsbetriebe in Ober\u00f6sterreich kaufte Panhuber eine Lasermaschine an. Damit war der Grundstein gelegt f\u00fcr die Spezialisierung hin zur erfolgreichen, hochflexiblen Blechverarbeitung.<br \/><br \/>In den vergangenen spannenden und abwechslungsreichen 30 Gesch\u00e4ftsjahren wuchs der Maschinen- und Anlagenpark kontinuierlich. Doch neben allem Wachstum wurden auch immer die sozialen Werte Loyalit\u00e4t, Ehrlichkeit, Offenheit und Vertrauen gepflegt.<br \/><br \/>Unser heutiges Leistungsprofil erstreckt sich vom Schwerpunkt-Segment Blechverarbeitung bis hin zu Projektabwicklungen im Maschinenbau.<br \/><br \/>Das permanente Wachstum der Firma f\u00fchrte 1997 zur \u00dcbersiedlung in das neue Firmenareal nach Obertrattnach 130, mit einer Produktionsfl\u00e4che von 3.600 m<sup>2<\/sup>. Seitdem wird regelm\u00e4\u00dfig, sorgf\u00e4ltig und zukunftsorientiert in den Maschinenpark investiert, um die Vorreiterrolle in der Blechverarbeitung weiter abzusichern.<\/p><\/div>\t\t\t\t\t\t<\/div>\n\t\t\t\t<\/div>\n\t\t\t\t\t<\/div>\n\t\t<\/div>\n\t\t\t\t<div class=\"elementor-column elementor-col-50 elementor-top-column elementor-element elementor-element-9833517\" data-id=\"9833517\" data-element_type=\"column\">\n\t\t\t<div class=\"elementor-widget-wrap elementor-element-populated\">\n\t\t\t\t\t\t\t\t<div class=\"elementor-element elementor-element-a8ba29e elementor-hidden-tablet elementor-hidden-mobile elementor-widget elementor-widget-spacer\" data-id=\"a8ba29e\" data-element_type=\"widget\" data-widget_type=\"spacer.default\">\n\t\t\t\t<div class=\"elementor-widget-container\">\n\t\t\t\t\t<div class=\"elementor-spacer\">\n\t\t\t<div class=\"elementor-spacer-inner\"><\/div>\n\t\t<\/div>\n\t\t\t\t<\/div>\n\t\t\t\t<\/div>\n\t\t\t\t<div class=\"elementor-element elementor-element-280207d elementor-aspect-ratio-43 elementor-widget elementor-widget-video\" data-id=\"280207d\" data-element_type=\"widget\" data-settings=\"{&quot;start&quot;:0,&quot;aspect_ratio&quot;:&quot;43&quot;,&quot;video_type&quot;:&quot;hosted&quot;,&quot;controls&quot;:&quot;yes&quot;}\" data-widget_type=\"video.default\">\n\t\t\t\t<div class=\"elementor-widget-container\">\n\t\t\t<style>\/*! elementor - v3.9.2 - 21-12-2022 *\/\n.elementor-widget-video .elementor-widget-container{overflow:hidden;transform:translateZ(0)}.elementor-widget-video .elementor-open-inline .elementor-custom-embed-image-overlay{position:absolute;top:0;left:0;width:100%;height:100%;background-size:cover;background-position:50%}.elementor-widget-video .elementor-custom-embed-image-overlay{cursor:pointer;text-align:center}.elementor-widget-video .elementor-custom-embed-image-overlay:hover .elementor-custom-embed-play i{opacity:1}.elementor-widget-video .elementor-custom-embed-image-overlay img{display:block;width:100%}.elementor-widget-video .e-hosted-video .elementor-video{-o-object-fit:cover;object-fit:cover}.e-con-inner>.elementor-widget-video,.e-con>.elementor-widget-video{width:var(--container-widget-width);--flex-grow:var(--container-widget-flex-grow)}<\/style>\t\t<div class=\"e-hosted-video elementor-wrapper elementor-fit-aspect-ratio elementor-open-inline\">\n\t\t\t\t\t<video class=\"elementor-video\" src=\"https:\/\/www.panhuber.at\/wp-content\/uploads\/2022\/10\/panhuber-case-study.mp4\" controls=\"\" controlslist=\"nodownload\"><\/video>\n\t\t\t\t<\/div>\n\t\t\t\t<\/div>\n\t\t\t\t<\/div>\n\t\t\t\t\t<\/div>\n\t\t<\/div>\n\t\t\t\t\t\t\t<\/div>\n\t\t<\/section>\n\t\t\t\t<section class=\"elementor-section elementor-top-section elementor-element elementor-element-f97c04a elementor-section-boxed elementor-section-height-default elementor-section-height-default\" data-id=\"f97c04a\" data-element_type=\"section\">\n\t\t\t\t\t\t<div class=\"elementor-container elementor-column-gap-default\">\n\t\t\t\t\t<div class=\"elementor-column elementor-col-100 elementor-top-column elementor-element elementor-element-d4c40ac\" data-id=\"d4c40ac\" data-element_type=\"column\">\n\t\t\t<div class=\"elementor-widget-wrap elementor-element-populated\">\n\t\t\t\t\t\t\t\t<div class=\"elementor-element elementor-element-f5a6d0e elementor-widget elementor-widget-spacer\" data-id=\"f5a6d0e\" data-element_type=\"widget\" data-widget_type=\"spacer.default\">\n\t\t\t\t<div class=\"elementor-widget-container\">\n\t\t\t\t\t<div class=\"elementor-spacer\">\n\t\t\t<div class=\"elementor-spacer-inner\"><\/div>\n\t\t<\/div>\n\t\t\t\t<\/div>\n\t\t\t\t<\/div>\n\t\t\t\t\t<\/div>\n\t\t<\/div>\n\t\t\t\t\t\t\t<\/div>\n\t\t<\/section>\n\t\t\t\t\t\t\t<\/div>","protected":false},"excerpt":{"rendered":"<p>\u00dcber unsvon Maschinenschlosserei zum Blechverarbeitungsbetrieb \u00dcber unsvon Maschinenschlosserei zum Blechverarbeitungsbetrieb Unsere Geschichte Die Panhuber Ges. m. b. H. wurde am 1. 1. 1983\u00a0 durch Ing. Wolfgang Panhuber und seiner Frau Josefa als Fachbetrieb f\u00fcr Maschinenschlosserei gegr\u00fcndet. Seitdem agiert das Unternehmen als moderner Familienbetrieb. Als einer der ersten Blechverarbeitungsbetriebe in Ober\u00f6sterreich kaufte Panhuber eine Lasermaschine an&#8230;.<\/p>","protected":false},"author":1,"featured_media":0,"parent":0,"menu_order":0,"comment_status":"closed","ping_status":"closed","template":"","meta":{"footnotes":""},"class_list":["post-10513","page","type-page","status-publish","hentry"],"_links":{"self":[{"href":"https:\/\/www.panhuber.at\/de\/wp-json\/wp\/v2\/pages\/10513","targetHints":{"allow":["GET"]}}],"collection":[{"href":"https:\/\/www.panhuber.at\/de\/wp-json\/wp\/v2\/pages"}],"about":[{"href":"https:\/\/www.panhuber.at\/de\/wp-json\/wp\/v2\/types\/page"}],"author":[{"embeddable":true,"href":"https:\/\/www.panhuber.at\/de\/wp-json\/wp\/v2\/users\/1"}],"replies":[{"embeddable":true,"href":"https:\/\/www.panhuber.at\/de\/wp-json\/wp\/v2\/comments?post=10513"}],"version-history":[{"count":3,"href":"https:\/\/www.panhuber.at\/de\/wp-json\/wp\/v2\/pages\/10513\/revisions"}],"predecessor-version":[{"id":12113,"href":"https:\/\/www.panhuber.at\/de\/wp-json\/wp\/v2\/pages\/10513\/revisions\/12113"}],"wp:attachment":[{"href":"https:\/\/www.panhuber.at\/de\/wp-json\/wp\/v2\/media?parent=10513"}],"curies":[{"name":"wp","href":"https:\/\/api.w.org\/{rel}","templated":true}]}}